{"id":85,"date":"2023-03-27T11:30:20","date_gmt":"2023-03-27T09:30:20","guid":{"rendered":"http:\/\/biendansmesbaskets.org\/?page_id=85"},"modified":"2025-07-11T14:36:09","modified_gmt":"2025-07-11T12:36:09","slug":"informations-pratiques","status":"publish","type":"page","link":"https:\/\/biendansmesbaskets.org\/?page_id=85","title":{"rendered":"Informations pratiques &#038; Contact"},"content":{"rendered":"\t\t<div data-elementor-type=\"wp-page\" data-elementor-id=\"85\" class=\"elementor elementor-85\">\n\t\t\t\t<div class=\"elementor-element elementor-element-3d683d56 e-con-full e-flex e-con e-parent\" data-id=\"3d683d56\" data-element_type=\"container\" data-e-type=\"container\">\n\t\t\t\t<div class=\"elementor-element elementor-element-33dedd3 elementor-widget elementor-widget-ucaddon_transparent_split_hero\" data-id=\"33dedd3\" data-element_type=\"widget\" data-e-type=\"widget\" data-widget_type=\"ucaddon_transparent_split_hero.default\">\n\t\t\t\t<div class=\"elementor-widget-container\">\n\t\t\t\t\t\n<!-- start Transparent Split Hero -->\n\t\t<link id='uc_ac_assets_file_uc_photography_header_css_0-css' href='https:\/\/biendansmesbaskets.org\/wp-content\/uploads\/ac_assets\/uc_photography_header\/uc_photography_header.css' type='text\/css' rel='stylesheet' >\n\n<style>\/* widget: Transparent Split Hero *\/\n\n.uc_photography_header *{\n\tmargin:0;\n\tpadding:0;\n\t-webkit-box-sizing: border-box;\n\t-moz-box-sizing: border-box;\n\tbox-sizing: border-box;\n\t\n}\n#uc_transparent_split_hero_elementor_33dedd3\n{\n\tposition:relative;\n\twidth:100%;\n    background-position:center;\n    background-size:cover;\n    background-image:url(https:\/\/biendansmesbaskets.org\/wp-content\/uploads\/2024\/09\/IMG_5855.jpg);\n    display:flex;\n    overflow:hidden;\n    \n}\n\n#uc_transparent_split_hero_elementor_33dedd3 > div\n{\n  height:100%;\n  display:flex;\n    align-items:center;\n}\n\n.uc_photography_header .uc_container_text_box{ \n  text-align:left;\n}\n.uc_photography_header .uc_subtitle\n{\n  font-size:42px;\n}\n\t\n.uc_photography_header .uc_container_text_box a{\n\tborder-style:solid;\n\tdisplay:inline-block;\n}\n\n<\/style>\n\n<div class=\"uc_photography_header\" id=\"uc_transparent_split_hero_elementor_33dedd3\">    \t      \n  <div class=\"uc_container_text_box\">  \n  <div>\n        <img fetchpriority=\"high\" decoding=\"async\" src=\"https:\/\/biendansmesbaskets.org\/wp-content\/uploads\/2024\/09\/MAISONS-SPORT-SANTE-MDL-768x573.jpg\" class=\"uc_tp_hero_img\"  src=\"https:\/\/biendansmesbaskets.org\/wp-content\/uploads\/2024\/09\/MAISONS-SPORT-SANTE-MDL-768x573.jpg\" alt=\"Maison sport sant\u00e9 Monts du Lyonnais Ga\u00eblle Faure Bien dans mes Baskets\" width=\"768\" height=\"573\" alt=\"Maison sport sant\u00e9 Monts du Lyonnais Ga\u00eblle Faure Bien dans mes Baskets\" title=\"Maison sport sant\u00e9 Monts du Lyonnais Ga\u00eblle Faure Bien dans mes Baskets\">        <div class=\"uc_title\">Bien dans mes Baskets Maison Sport Sant\u00e9 Monts du Lyonnais<\/div>        <div class=\"uc_subtitle\">Contactez moi<\/div>        <div class=\"uc_text\">Vous avez des questions, besoin de clarifier des choses, de prendre rendez-vous, d'obtenir un devis, d'avoir plus d'informations ? \n\nJe me ferai un plaisir de vous r\u00e9pondre dans les plus brefs d\u00e9lais ! \nPar t\u00e9l\u00e9phone : 06 56 68 36 80 ou par mail<\/div>        <a class=\"uc_btn\" href=\"#\" >contact@biendansmesbaskets.org<\/a>    <\/div>\n  <\/div>\n<\/div>\n<!-- end Transparent Split Hero -->\t\t\t\t<\/div>\n\t\t\t\t<\/div>\n\t\t\t\t<div class=\"elementor-element elementor-element-c6e2d0b elementor-shape-rounded elementor-grid-0 e-grid-align-center elementor-widget elementor-widget-social-icons\" data-id=\"c6e2d0b\" data-element_type=\"widget\" data-e-type=\"widget\" data-widget_type=\"social-icons.default\">\n\t\t\t\t<div class=\"elementor-widget-container\">\n\t\t\t\t\t\t\t<div class=\"elementor-social-icons-wrapper elementor-grid\" role=\"list\">\n\t\t\t\t\t\t\t<span class=\"elementor-grid-item\" role=\"listitem\">\n\t\t\t\t\t<a class=\"elementor-icon elementor-social-icon elementor-social-icon-linkedin elementor-repeater-item-6d68588\" href=\"https:\/\/www.linkedin.com\/in\/gaelle-faure-44a006255\/\" target=\"_blank\">\n\t\t\t\t\t\t<span class=\"elementor-screen-only\">Linkedin<\/span>\n\t\t\t\t\t\t<svg aria-hidden=\"true\" class=\"e-font-icon-svg e-fab-linkedin\" viewBox=\"0 0 448 512\" xmlns=\"http:\/\/www.w3.org\/2000\/svg\"><path d=\"M416 32H31.9C14.3 32 0 46.5 0 64.3v383.4C0 465.5 14.3 480 31.9 480H416c17.6 0 32-14.5 32-32.3V64.3c0-17.8-14.4-32.3-32-32.3zM135.4 416H69V202.2h66.5V416zm-33.2-243c-21.3 0-38.5-17.3-38.5-38.5S80.9 96 102.2 96c21.2 0 38.5 17.3 38.5 38.5 0 21.3-17.2 38.5-38.5 38.5zm282.1 243h-66.4V312c0-24.8-.5-56.7-34.5-56.7-34.6 0-39.9 27-39.9 54.9V416h-66.4V202.2h63.7v29.2h.9c8.9-16.8 30.6-34.5 62.9-34.5 67.2 0 79.7 44.3 79.7 101.9V416z\"><\/path><\/svg>\t\t\t\t\t<\/a>\n\t\t\t\t<\/span>\n\t\t\t\t\t\t\t<span class=\"elementor-grid-item\" role=\"listitem\">\n\t\t\t\t\t<a class=\"elementor-icon elementor-social-icon elementor-social-icon-facebook elementor-repeater-item-441dc7d\" href=\"https:\/\/www.facebook.com\/profile.php?id=61566910882315\" target=\"_blank\">\n\t\t\t\t\t\t<span class=\"elementor-screen-only\">Facebook<\/span>\n\t\t\t\t\t\t<svg aria-hidden=\"true\" class=\"e-font-icon-svg e-fab-facebook\" viewBox=\"0 0 512 512\" xmlns=\"http:\/\/www.w3.org\/2000\/svg\"><path d=\"M504 256C504 119 393 8 256 8S8 119 8 256c0 123.78 90.69 226.38 209.25 245V327.69h-63V256h63v-54.64c0-62.15 37-96.48 93.67-96.48 27.14 0 55.52 4.84 55.52 4.84v61h-31.28c-30.8 0-40.41 19.12-40.41 38.73V256h68.78l-11 71.69h-57.78V501C413.31 482.38 504 379.78 504 256z\"><\/path><\/svg>\t\t\t\t\t<\/a>\n\t\t\t\t<\/span>\n\t\t\t\t\t\t\t<span class=\"elementor-grid-item\" role=\"listitem\">\n\t\t\t\t\t<a class=\"elementor-icon elementor-social-icon elementor-social-icon-instagram elementor-repeater-item-9b766d6\" href=\"https:\/\/www.instagram.com\/biendansmesbasketsmss\/\" target=\"_blank\">\n\t\t\t\t\t\t<span class=\"elementor-screen-only\">Instagram<\/span>\n\t\t\t\t\t\t<svg aria-hidden=\"true\" class=\"e-font-icon-svg e-fab-instagram\" viewBox=\"0 0 448 512\" xmlns=\"http:\/\/www.w3.org\/2000\/svg\"><path d=\"M224.1 141c-63.6 0-114.9 51.3-114.9 114.9s51.3 114.9 114.9 114.9S339 319.5 339 255.9 287.7 141 224.1 141zm0 189.6c-41.1 0-74.7-33.5-74.7-74.7s33.5-74.7 74.7-74.7 74.7 33.5 74.7 74.7-33.6 74.7-74.7 74.7zm146.4-194.3c0 14.9-12 26.8-26.8 26.8-14.9 0-26.8-12-26.8-26.8s12-26.8 26.8-26.8 26.8 12 26.8 26.8zm76.1 27.2c-1.7-35.9-9.9-67.7-36.2-93.9-26.2-26.2-58-34.4-93.9-36.2-37-2.1-147.9-2.1-184.9 0-35.8 1.7-67.6 9.9-93.9 36.1s-34.4 58-36.2 93.9c-2.1 37-2.1 147.9 0 184.9 1.7 35.9 9.9 67.7 36.2 93.9s58 34.4 93.9 36.2c37 2.1 147.9 2.1 184.9 0 35.9-1.7 67.7-9.9 93.9-36.2 26.2-26.2 34.4-58 36.2-93.9 2.1-37 2.1-147.8 0-184.8zM398.8 388c-7.8 19.6-22.9 34.7-42.6 42.6-29.5 11.7-99.5 9-132.1 9s-102.7 2.6-132.1-9c-19.6-7.8-34.7-22.9-42.6-42.6-11.7-29.5-9-99.5-9-132.1s-2.6-102.7 9-132.1c7.8-19.6 22.9-34.7 42.6-42.6 29.5-11.7 99.5-9 132.1-9s102.7-2.6 132.1 9c19.6 7.8 34.7 22.9 42.6 42.6 11.7 29.5 9 99.5 9 132.1s2.7 102.7-9 132.1z\"><\/path><\/svg>\t\t\t\t\t<\/a>\n\t\t\t\t<\/span>\n\t\t\t\t\t<\/div>\n\t\t\t\t\t\t<\/div>\n\t\t\t\t<\/div>\n\t\t\t\t<\/div>\n\t\t<div class=\"elementor-element elementor-element-60c4a02 e-flex e-con-boxed e-con e-parent\" data-id=\"60c4a02\" data-element_type=\"container\" data-e-type=\"container\">\n\t\t\t\t\t<div class=\"e-con-inner\">\n\t\t\t\t<div class=\"elementor-element elementor-element-629f556 elementor-widget elementor-widget-spacer\" data-id=\"629f556\" data-element_type=\"widget\" data-e-type=\"widget\" data-widget_type=\"spacer.default\">\n\t\t\t\t<div class=\"elementor-widget-container\">\n\t\t\t\t\t\t\t<div class=\"elementor-spacer\">\n\t\t\t<div class=\"elementor-spacer-inner\"><\/div>\n\t\t<\/div>\n\t\t\t\t\t\t<\/div>\n\t\t\t\t<\/div>\n\t\t\t\t\t<\/div>\n\t\t\t\t<\/div>\n\t\t<div class=\"elementor-element elementor-element-9857d53 e-con-full e-flex e-con e-parent\" data-id=\"9857d53\" data-element_type=\"container\" data-e-type=\"container\">\n\t\t\t\t<div class=\"elementor-element elementor-element-1f6e715 elementor-widget elementor-widget-heading\" data-id=\"1f6e715\" data-element_type=\"widget\" data-e-type=\"widget\" data-widget_type=\"heading.default\">\n\t\t\t\t<div class=\"elementor-widget-container\">\n\t\t\t\t\t<h2 class=\"elementor-heading-title elementor-size-xl\">O\u00d9 PRATIQUER L'ACTIVIT\u00c9 PHYSIQUE ADAPT\u00c9E ?<\/h2>\t\t\t\t<\/div>\n\t\t\t\t<\/div>\n\t\t\t\t<\/div>\n\t\t<div class=\"elementor-element elementor-element-d4b1834 e-con-full e-flex e-con e-parent\" data-id=\"d4b1834\" data-element_type=\"container\" data-e-type=\"container\">\n\t\t<div class=\"elementor-element elementor-element-a5ee072 e-con-full e-flex e-con e-child\" data-id=\"a5ee072\" data-element_type=\"container\" data-e-type=\"container\">\n\t\t<div class=\"elementor-element elementor-element-766d626 e-con-full e-flex e-con e-child\" data-id=\"766d626\" data-element_type=\"container\" data-e-type=\"container\">\n\t\t\t\t<div class=\"elementor-element elementor-element-46d0df2 elementor-widget elementor-widget-image\" data-id=\"46d0df2\" data-element_type=\"widget\" data-e-type=\"widget\" data-widget_type=\"image.default\">\n\t\t\t\t<div class=\"elementor-widget-container\">\n\t\t\t\t\t\t\t\t\t\t\t\t\t\t\t<img decoding=\"async\" width=\"800\" height=\"600\" src=\"https:\/\/biendansmesbaskets.org\/wp-content\/uploads\/2023\/11\/IMG_1783-1024x768.jpeg\" class=\"attachment-large size-large wp-image-161\" alt=\"\" srcset=\"https:\/\/biendansmesbaskets.org\/wp-content\/uploads\/2023\/11\/IMG_1783-1024x768.jpeg 1024w, https:\/\/biendansmesbaskets.org\/wp-content\/uploads\/2023\/11\/IMG_1783-300x225.jpeg 300w, https:\/\/biendansmesbaskets.org\/wp-content\/uploads\/2023\/11\/IMG_1783-768x576.jpeg 768w, https:\/\/biendansmesbaskets.org\/wp-content\/uploads\/2023\/11\/IMG_1783-1536x1152.jpeg 1536w, https:\/\/biendansmesbaskets.org\/wp-content\/uploads\/2023\/11\/IMG_1783-2048x1536.jpeg 2048w\" sizes=\"(max-width: 800px) 100vw, 800px\" \/>\t\t\t\t\t\t\t\t\t\t\t\t\t\t\t<\/div>\n\t\t\t\t<\/div>\n\t\t\t\t<\/div>\n\t\t<div class=\"elementor-element elementor-element-24316a2 e-con-full e-flex e-con e-child\" data-id=\"24316a2\" data-element_type=\"container\" data-e-type=\"container\">\n\t\t\t\t<div class=\"elementor-element elementor-element-f80cab3 elementor-widget elementor-widget-text-editor\" data-id=\"f80cab3\" data-element_type=\"widget\" data-e-type=\"widget\" data-widget_type=\"text-editor.default\">\n\t\t\t\t<div class=\"elementor-widget-container\">\n\t\t\t\t\t\t\t\t\t<p>Je vous accueille dans ma salle d&#8217;activit\u00e9s, situ\u00e9e au sein du <a href=\"https:\/\/polesantefidesien.org\/\"><b>P\u00f4le Sant\u00e9 Fid\u00e9sien<\/b><\/a> situ\u00e9\u00a0\u00e0 Sainte-Foy-L&#8217;Argenti\u00e8re.\u00a0<\/p><p>Les cours collectifs se font en petit groupe de 5 personnes maximum. L&#8217;activit\u00e9 en petit groupe est recommand\u00e9e car elle favorise le lien social, et est un bon activateur de bonne humeur.\u00a0<\/p><p>Toutefois, il est aussi tout \u00e0 fait possible de venir \u00e0 une s\u00e9ance individuelle.<\/p><p><span style=\"color: #ff6600;\"><a style=\"color: #ff6600;\" href=\"https:\/\/www.google.com\/maps\/dir\/\/184+Rue+Louis+Chaize,+69610+Sainte-Foy-l'Argenti%C3%A8re\/@45.7098745,4.3877936,12z\/data=!4m8!4m7!1m0!1m5!1m1!1s0x47f459a45c7d26b1:0x82aff1d1b51456d2!2m2!1d4.4702195!2d45.7099071?entry=ttu\" target=\"_blank\" rel=\"noopener\">184 Rue Louis Chaize, 69610 Sainte-Foy-l&#8217;Argenti\u00e8re<\/a><\/span><\/p>\t\t\t\t\t\t\t\t<\/div>\n\t\t\t\t<\/div>\n\t\t\t\t<\/div>\n\t\t\t\t<\/div>\n\t\t\t\t<\/div>\n\t\t<div class=\"elementor-element elementor-element-8a45d2d e-con-full e-flex e-con e-parent\" data-id=\"8a45d2d\" data-element_type=\"container\" data-e-type=\"container\">\n\t\t\t\t<div class=\"elementor-element elementor-element-e6127ab elementor-widget elementor-widget-google_maps\" data-id=\"e6127ab\" data-element_type=\"widget\" data-e-type=\"widget\" data-widget_type=\"google_maps.default\">\n\t\t\t\t<div class=\"elementor-widget-container\">\n\t\t\t\t\t\t\t<div class=\"elementor-custom-embed\">\n\t\t\t<iframe loading=\"lazy\"\n\t\t\t\t\tsrc=\"https:\/\/maps.google.com\/maps?q=184%20Rue%20Louis%20Chaise&#038;t=m&#038;z=10&#038;output=embed&#038;iwloc=near\"\n\t\t\t\t\ttitle=\"184 Rue Louis Chaise\"\n\t\t\t\t\taria-label=\"184 Rue Louis Chaise\"\n\t\t\t><\/iframe>\n\t\t<\/div>\n\t\t\t\t\t\t<\/div>\n\t\t\t\t<\/div>\n\t\t\t\t<\/div>\n\t\t<div class=\"elementor-element elementor-element-fa6d1eb e-con-full e-flex e-con e-parent\" data-id=\"fa6d1eb\" data-element_type=\"container\" data-e-type=\"container\">\n\t\t\t\t<div class=\"elementor-element elementor-element-5cf15a3 elementor-widget elementor-widget-text-editor\" data-id=\"5cf15a3\" data-element_type=\"widget\" data-e-type=\"widget\" data-widget_type=\"text-editor.default\">\n\t\t\t\t<div class=\"elementor-widget-container\">\n\t\t\t\t\t\t\t\t\t<p><span style=\"text-align: var(--text-align); font-size: 1rem;\">Si vous ne pouvez pas vous rendre \u00e0 la Maison de sant\u00e9, je peux me d\u00e9placer \u00e0 votre domicile, ou vous proposer de rejoindre un groupe d\u00e9j\u00e0 constitu\u00e9 en ext\u00e9rieur.<\/span><\/p>\t\t\t\t\t\t\t\t<\/div>\n\t\t\t\t<\/div>\n\t\t\t\t<\/div>\n\t\t<div class=\"elementor-element elementor-element-9b17f8e e-flex e-con-boxed e-con e-parent\" data-id=\"9b17f8e\" data-element_type=\"container\" data-e-type=\"container\">\n\t\t\t\t\t<div class=\"e-con-inner\">\n\t\t\t\t<div class=\"elementor-element elementor-element-a5fae7b elementor-widget elementor-widget-spacer\" data-id=\"a5fae7b\" data-element_type=\"widget\" data-e-type=\"widget\" data-widget_type=\"spacer.default\">\n\t\t\t\t<div class=\"elementor-widget-container\">\n\t\t\t\t\t\t\t<div class=\"elementor-spacer\">\n\t\t\t<div class=\"elementor-spacer-inner\"><\/div>\n\t\t<\/div>\n\t\t\t\t\t\t<\/div>\n\t\t\t\t<\/div>\n\t\t\t\t\t<\/div>\n\t\t\t\t<\/div>\n\t\t\t\t<\/div>\n\t\t","protected":false},"excerpt":{"rendered":"<p>Bien dans mes Baskets Maison Sport Sant\u00e9 Monts du Lyonnais Contactez moi Vous avez des questions, besoin de clarifier des choses, de prendre rendez-vous, d&#8217;obtenir un devis, d&#8217;avoir plus d&#8217;informations ? Je me ferai un plaisir de vous r\u00e9pondre dans les plus brefs d\u00e9lais ! Par t\u00e9l\u00e9phone : 06 56 68 36 80 ou par [&hellip;]<\/p>\n","protected":false},"author":1,"featured_media":0,"parent":0,"menu_order":0,"comment_status":"closed","ping_status":"closed","template":"","meta":{"footnotes":""},"class_list":["post-85","page","type-page","status-publish","hentry"],"_links":{"self":[{"href":"https:\/\/biendansmesbaskets.org\/index.php?rest_route=\/wp\/v2\/pages\/85","targetHints":{"allow":["GET"]}}],"collection":[{"href":"https:\/\/biendansmesbaskets.org\/index.php?rest_route=\/wp\/v2\/pages"}],"about":[{"href":"https:\/\/biendansmesbaskets.org\/index.php?rest_route=\/wp\/v2\/types\/page"}],"author":[{"embeddable":true,"href":"https:\/\/biendansmesbaskets.org\/index.php?rest_route=\/wp\/v2\/users\/1"}],"replies":[{"embeddable":true,"href":"https:\/\/biendansmesbaskets.org\/index.php?rest_route=%2Fwp%2Fv2%2Fcomments&post=85"}],"version-history":[{"count":94,"href":"https:\/\/biendansmesbaskets.org\/index.php?rest_route=\/wp\/v2\/pages\/85\/revisions"}],"predecessor-version":[{"id":1370,"href":"https:\/\/biendansmesbaskets.org\/index.php?rest_route=\/wp\/v2\/pages\/85\/revisions\/1370"}],"wp:attachment":[{"href":"https:\/\/biendansmesbaskets.org\/index.php?rest_route=%2Fwp%2Fv2%2Fmedia&parent=85"}],"curies":[{"name":"wp","href":"https:\/\/api.w.org\/{rel}","templated":true}]}}