{"id":945,"date":"2025-07-09T10:32:57","date_gmt":"2025-07-09T08:32:57","guid":{"rendered":"https:\/\/biendansmesbaskets.org\/?page_id=945"},"modified":"2025-07-23T12:28:56","modified_gmt":"2025-07-23T10:28:56","slug":"les-tarifs","status":"publish","type":"page","link":"https:\/\/biendansmesbaskets.org\/?page_id=945","title":{"rendered":"Tarifs pour les particuliers"},"content":{"rendered":"\t\t<div data-elementor-type=\"wp-page\" data-elementor-id=\"945\" class=\"elementor elementor-945\">\n\t\t\t\t<div class=\"elementor-element elementor-element-fb64d5a e-con-full e-flex e-con e-parent\" data-id=\"fb64d5a\" data-element_type=\"container\" data-e-type=\"container\">\n\t\t\t\t<div class=\"elementor-element elementor-element-075cb2d elementor-widget elementor-widget-heading\" data-id=\"075cb2d\" data-element_type=\"widget\" data-e-type=\"widget\" data-widget_type=\"heading.default\">\n\t\t\t\t<div class=\"elementor-widget-container\">\n\t\t\t\t\t<h2 class=\"elementor-heading-title elementor-size-large\">Enfin, vous vous demandez surement \"combien \u00e7a co\u00fbte ?\"&nbsp;<\/h2>\t\t\t\t<\/div>\n\t\t\t\t<\/div>\n\t\t\t\t<div class=\"elementor-element elementor-element-fe215f7 elementor-widget elementor-widget-heading\" data-id=\"fe215f7\" data-element_type=\"widget\" data-e-type=\"widget\" data-widget_type=\"heading.default\">\n\t\t\t\t<div class=\"elementor-widget-container\">\n\t\t\t\t\t<h2 class=\"elementor-heading-title elementor-size-xxl\">LES TARIFS<\/h2>\t\t\t\t<\/div>\n\t\t\t\t<\/div>\n\t\t\t\t<div class=\"elementor-element elementor-element-5bf3327 elementor-widget elementor-widget-text-editor\" data-id=\"5bf3327\" data-element_type=\"widget\" data-e-type=\"widget\" data-widget_type=\"text-editor.default\">\n\t\t\t\t<div class=\"elementor-widget-container\">\n\t\t\t\t\t\t\t\t\t<p>Bien que les s\u00e9ances d\u2019activit\u00e9 physique adapt\u00e9e soient prescrites par votre m\u00e9decin, elles ne sont pas encore rembours\u00e9es par la S\u00e9curit\u00e9 sociale. Toutefois, une prise en charge peut \u00eatre possible si vous \u00eates en parcours oncologique,\u00a0<span style=\"font-size: 1rem;\">gr\u00e2ce \u00e0 une convention avec la Ligue contre le cancer, ou <\/span><span style=\"font-size: 1rem;\">par la CPAM sous conditions de revenus.<\/span><\/p><p>Notez que certaines mutuelles prennent en charge tout ou partie des s\u00e9ances :\u00a0 renseignez-vous aupr\u00e8s de votre mutuelle.<\/p>\t\t\t\t\t\t\t\t<\/div>\n\t\t\t\t<\/div>\n\t\t\t\t<div class=\"elementor-element elementor-element-1c6d320 elementor-widget__width-initial elementor-widget elementor-widget-image\" data-id=\"1c6d320\" data-element_type=\"widget\" data-e-type=\"widget\" data-widget_type=\"image.default\">\n\t\t\t\t<div class=\"elementor-widget-container\">\n\t\t\t\t\t\t\t\t\t\t\t\t\t\t\t<img fetchpriority=\"high\" decoding=\"async\" width=\"585\" height=\"453\" src=\"https:\/\/biendansmesbaskets.org\/wp-content\/uploads\/2025\/07\/Screenshot-2025-07-11-120955.jpg\" class=\"attachment-large size-large wp-image-1309\" alt=\"\" srcset=\"https:\/\/biendansmesbaskets.org\/wp-content\/uploads\/2025\/07\/Screenshot-2025-07-11-120955.jpg 585w, https:\/\/biendansmesbaskets.org\/wp-content\/uploads\/2025\/07\/Screenshot-2025-07-11-120955-300x232.jpg 300w\" sizes=\"(max-width: 585px) 100vw, 585px\" \/>\t\t\t\t\t\t\t\t\t\t\t\t\t\t\t<\/div>\n\t\t\t\t<\/div>\n\t\t\t\t<\/div>\n\t\t<div class=\"elementor-element elementor-element-ed67a73 e-con-full e-flex e-con e-parent\" data-id=\"ed67a73\" data-element_type=\"container\" data-e-type=\"container\">\n\t\t<div class=\"elementor-element elementor-element-5b8df17 e-con-full e-flex e-con e-child\" data-id=\"5b8df17\" data-element_type=\"container\" data-e-type=\"container\">\n\t\t<div class=\"elementor-element elementor-element-500764e e-con-full e-flex e-con e-child\" data-id=\"500764e\" data-element_type=\"container\" data-e-type=\"container\">\n\t\t\t\t<div class=\"elementor-element elementor-element-3b8fc2c elementor-widget elementor-widget-heading\" data-id=\"3b8fc2c\" data-element_type=\"widget\" data-e-type=\"widget\" data-widget_type=\"heading.default\">\n\t\t\t\t<div class=\"elementor-widget-container\">\n\t\t\t\t\t<h2 class=\"elementor-heading-title elementor-size-default\">Des dispositifs de prise en charge existent :<\/h2>\t\t\t\t<\/div>\n\t\t\t\t<\/div>\n\t\t\t\t<div class=\"elementor-element elementor-element-008402e elementor-widget__width-initial elementor-widget elementor-widget-ucaddon_uc_icon_accordion\" data-id=\"008402e\" data-element_type=\"widget\" data-e-type=\"widget\" data-widget_type=\"ucaddon_uc_icon_accordion.default\">\n\t\t\t\t<div class=\"elementor-widget-container\">\n\t\t\t\t\t\n<!-- start Icon Accordion -->\n\t\t<link id='font-awesome-css' href='https:\/\/biendansmesbaskets.org\/wp-content\/plugins\/unlimited-elements-for-elementor\/assets_libraries\/font-awesome6\/fontawesome-all.min.css' type='text\/css' rel='stylesheet' >\n\t\t<link id='font-awesome-4-shim-css' href='https:\/\/biendansmesbaskets.org\/wp-content\/plugins\/unlimited-elements-for-elementor\/assets_libraries\/font-awesome6\/fontawesome-v4-shims.min.css' type='text\/css' rel='stylesheet' >\n\n<style>\/* widget: Icon Accordion *\/\n\n#uc_uc_icon_accordion_elementor_008402e *{\n\tbox-sizing: border-box;\n}\n#uc_uc_icon_accordion_elementor_008402e .uc_container .uc-heading\n{\n\tcursor:pointer;\n    display:flex;\n    align-items:center;\n    transition:0.3s;\n}\n#uc_uc_icon_accordion_elementor_008402e .uc_container .uc-heading span.bbb\n{\n\tdisplay:block;\n\t\n}\n#uc_uc_icon_accordion_elementor_008402e .uc_ac_box.uc-item-active span.uc_dactive\n{\n\tdisplay:none;\n}\n#uc_uc_icon_accordion_elementor_008402e .uc_ac_box:not(.uc-item-active) span.uc_active\n{\n\tdisplay:none;\n}\n\n#uc_uc_icon_accordion_elementor_008402e .ue_icon_holder,\n#uc_uc_icon_accordion_elementor_008402e .ue_icon_spacing\n{\n  flex-grow:0;\n  flex-shrink:0; \n}\n#uc_uc_icon_accordion_elementor_008402e .uc_content{\n\tdisplay: none;\n}\n#uc_uc_icon_accordion_elementor_008402e .ue_icon\n{\n  display:flex;\n  justify-content:center;\n  align-items:center;\n  line-height:1em;\n  transition:0.3s;\n}\n\n#uc_uc_icon_accordion_elementor_008402e .ue_icon svg\n{\n  height:1em;\n  width:1em;\n}\n\n#uc_uc_icon_accordion_elementor_008402e .ue_expand_inside\n{\n  display:flex;\n  justify-content:center;\n  align-items:center;\n  line-height:1em;\n}\n\n#uc_uc_icon_accordion_elementor_008402e .ue_expand_inside svg\n{\n  height:1em;\n  width:1em;\n}\n\n#uc_uc_icon_accordion_elementor_008402e .ue_expand,\n#uc_uc_icon_accordion_elementor_008402e .ue_expand_spacing\n{\n  flex-grow:0;\n  flex-shrink:0;\n}\n\n#uc_uc_icon_accordion_elementor_008402e .ue_title\n{\n  flex-grow:1;\n}\n\n#uc_uc_icon_accordion_elementor_008402e .uc_ac_box:last-child\n{\n  margin-bottom:0px;\n}\n\n#uc_uc_icon_accordion_elementor_008402e .uc_ac_box\n{\n  overflow:hidden;\n}\n#uc_uc_icon_accordion_elementor_008402e_item1 .ue_icon\n{\n  background-color:;\n}\n\n#uc_uc_icon_accordion_elementor_008402e_item1 .uc-heading\n{\n  background-color:;\n}\n#uc_uc_icon_accordion_elementor_008402e_item2 .ue_icon\n{\n  background-color:;\n}\n\n#uc_uc_icon_accordion_elementor_008402e_item2 .uc-heading\n{\n  background-color:;\n}\n\n\n<\/style>\n\n<div class=\"uc_material_accordion \" id=\"uc_uc_icon_accordion_elementor_008402e\" data-name=\"\" data-closeothers=\"true\" >\n    \t<div class=\"uc_container\">\n            \n\n<div id=\"uc_uc_icon_accordion_elementor_008402e_item1\" class=\"uc_ac_box  elementor-repeater-item-3a13312\">\n  <div class=\"uc-heading uc_trigger\">\n    \n        <div class=\"ue_icon_holder\">\n      <div class=\"ue_icon\"><i class='fas fa-angle-right'><\/i><\/div>\n    <\/div>\n    <div class=\"ue_icon_spacing\"><\/div>\n        \n    <div class=\"ue_title\">Parcours oncologique<\/div>\n    \n    \n        <div class=\"ue_expand_spacing\"><\/div>\n    <div class=\"ue_expand\">\n      <div class=\"ue_expand_inside\">\n      <span class=\"uc_dactive bbb ue_accordion_icon\" ><i class='fas fa-plus'><\/i><\/span>\n      <span class=\"uc_active bbb ue_accordion_icon\"><i class='fas fa-minus'><\/i><\/span>\n      <\/div>\n    <\/div>\n        \n  <\/div>\n  <!-- end of heading -->\n  \n  \n  <div class=\"uc_content\" >\n          <ul><li class=\"has-text-align-center\">un dispositif avec la <img decoding=\"async\" class=\" wp-image-366 alignleft\" src=\"http:\/\/biendansmesbaskets.org\/wp-content\/uploads\/2023\/11\/logo-3-centre-leon-berard.png\" alt=\"\" width=\"62\" height=\"33\" \/>si vous \u00eates dans un parc<img decoding=\"async\" class=\" wp-image-136 alignleft\" src=\"http:\/\/biendansmesbaskets.org\/wp-content\/uploads\/2023\/05\/LOGO-COMITE-LIGUE-RHONE-COUL-1-281x300.png\" alt=\"\" width=\"59\" height=\"63\" srcset=\"https:\/\/biendansmesbaskets.org\/wp-content\/uploads\/2023\/05\/LOGO-COMITE-LIGUE-RHONE-COUL-1-281x300.png 281w, https:\/\/biendansmesbaskets.org\/wp-content\/uploads\/2023\/05\/LOGO-COMITE-LIGUE-RHONE-COUL-1.png 300w\" sizes=\"(max-width: 59px) 100vw, 59px\" \/>ours oncologique.\u00a0\u00a0<\/li><\/ul><p>Bien dans mes baskets - Maison Sport Sant\u00e9 Monts du Lyonnais a sign\u00e9 une convention avec <span style=\"color: #ff6600;\"><strong>la Ligue contre le cancer du Rh\u00f4ne<\/strong>.\u00a0<\/span><\/p><p>Cela permet aux personnes en parcours oncologique de b\u00e9n\u00e9ficier de la prise en charge des s\u00e9ances d'activit\u00e9 physique adapt\u00e9e pendant 6 mois.<\/p><p>La Maison est r\u00e9f\u00e9renc\u00e9e par le <span style=\"color: #ff6600;\"><strong>Centre de lutte contre le cancer L\u00e9on B\u00e9rard<\/strong> <\/span>\u00e0 Lyon.<\/p>\n     \n    \n     \n    \n  <\/div>\n<\/div>\n\n\n<div id=\"uc_uc_icon_accordion_elementor_008402e_item2\" class=\"uc_ac_box  elementor-repeater-item-3d84fe6\">\n  <div class=\"uc-heading uc_trigger\">\n    \n        <div class=\"ue_icon_holder\">\n      <div class=\"ue_icon\"><i class='fas fa-angle-right'><\/i><\/div>\n    <\/div>\n    <div class=\"ue_icon_spacing\"><\/div>\n        \n    <div class=\"ue_title\">Tarif solidaire<\/div>\n    \n    \n        <div class=\"ue_expand_spacing\"><\/div>\n    <div class=\"ue_expand\">\n      <div class=\"ue_expand_inside\">\n      <span class=\"uc_dactive bbb ue_accordion_icon\" ><i class='fas fa-plus'><\/i><\/span>\n      <span class=\"uc_active bbb ue_accordion_icon\"><i class='fas fa-minus'><\/i><\/span>\n      <\/div>\n    <\/div>\n        \n  <\/div>\n  <!-- end of heading -->\n  \n  \n  <div class=\"uc_content\" >\n          <p>Vous pouvez b\u00e9n\u00e9ficier du dispositif solidaire si vous correspondez aux crit\u00e8res de revenus, sur dossier \u00e0 constituer aupr\u00e8s de la CPAM : nous vous accompagnons dans cette d\u00e9marche.<\/p>\n     \n    \n     \n    \n  <\/div>\n<\/div>\n\n        <\/div>\n<\/div>\n<!-- end Icon Accordion -->\t\t\t\t<\/div>\n\t\t\t\t<\/div>\n\t\t\t\t<\/div>\n\t\t\t\t<\/div>\n\t\t\t\t<\/div>\n\t\t\t\t<\/div>\n\t\t","protected":false},"excerpt":{"rendered":"<p>Enfin, vous vous demandez surement &#8220;combien \u00e7a co\u00fbte ?&#8221;&nbsp; LES TARIFS Bien que les s\u00e9ances d\u2019activit\u00e9 physique adapt\u00e9e soient prescrites par votre m\u00e9decin, elles ne sont pas encore rembours\u00e9es par la S\u00e9curit\u00e9 sociale. Toutefois, une prise en charge peut \u00eatre possible si vous \u00eates en parcours oncologique,\u00a0gr\u00e2ce \u00e0 une convention avec la Ligue contre le [&hellip;]<\/p>\n","protected":false},"author":1,"featured_media":0,"parent":0,"menu_order":0,"comment_status":"closed","ping_status":"closed","template":"","meta":{"footnotes":""},"class_list":["post-945","page","type-page","status-publish","hentry"],"_links":{"self":[{"href":"https:\/\/biendansmesbaskets.org\/index.php?rest_route=\/wp\/v2\/pages\/945","targetHints":{"allow":["GET"]}}],"collection":[{"href":"https:\/\/biendansmesbaskets.org\/index.php?rest_route=\/wp\/v2\/pages"}],"about":[{"href":"https:\/\/biendansmesbaskets.org\/index.php?rest_route=\/wp\/v2\/types\/page"}],"author":[{"embeddable":true,"href":"https:\/\/biendansmesbaskets.org\/index.php?rest_route=\/wp\/v2\/users\/1"}],"replies":[{"embeddable":true,"href":"https:\/\/biendansmesbaskets.org\/index.php?rest_route=%2Fwp%2Fv2%2Fcomments&post=945"}],"version-history":[{"count":40,"href":"https:\/\/biendansmesbaskets.org\/index.php?rest_route=\/wp\/v2\/pages\/945\/revisions"}],"predecessor-version":[{"id":1344,"href":"https:\/\/biendansmesbaskets.org\/index.php?rest_route=\/wp\/v2\/pages\/945\/revisions\/1344"}],"wp:attachment":[{"href":"https:\/\/biendansmesbaskets.org\/index.php?rest_route=%2Fwp%2Fv2%2Fmedia&parent=945"}],"curies":[{"name":"wp","href":"https:\/\/api.w.org\/{rel}","templated":true}]}}