{"id":965,"date":"2025-07-09T10:59:32","date_gmt":"2025-07-09T08:59:32","guid":{"rendered":"https:\/\/biendansmesbaskets.org\/?page_id=965"},"modified":"2025-07-26T17:00:24","modified_gmt":"2025-07-26T15:00:24","slug":"informations-et-sensibilisations","status":"publish","type":"page","link":"https:\/\/biendansmesbaskets.org\/?page_id=965","title":{"rendered":"Information et sensibilisation"},"content":{"rendered":"\t\t<div data-elementor-type=\"wp-page\" data-elementor-id=\"965\" class=\"elementor elementor-965\">\n\t\t\t\t<div class=\"elementor-element elementor-element-3ad7074 e-con-full e-flex e-con e-parent\" data-id=\"3ad7074\" data-element_type=\"container\" data-e-type=\"container\">\n\t\t\t\t<div class=\"elementor-element elementor-element-05e1fdb elementor-widget elementor-widget-heading\" data-id=\"05e1fdb\" data-element_type=\"widget\" data-e-type=\"widget\" data-widget_type=\"heading.default\">\n\t\t\t\t<div class=\"elementor-widget-container\">\n\t\t\t\t\t<h2 class=\"elementor-heading-title elementor-size-xl\">Le r\u00f4le de sensibilisation de Bien dans mes Baskets aupr\u00e8s des organisations<\/h2>\t\t\t\t<\/div>\n\t\t\t\t<\/div>\n\t\t\t\t<\/div>\n\t\t<div class=\"elementor-element elementor-element-2e8e502 e-flex e-con-boxed e-con e-parent\" data-id=\"2e8e502\" data-element_type=\"container\" data-e-type=\"container\">\n\t\t\t\t\t<div class=\"e-con-inner\">\n\t\t\t\t<div class=\"elementor-element elementor-element-6e5d838 elementor-align-center elementor-widget elementor-widget-button\" data-id=\"6e5d838\" data-element_type=\"widget\" data-e-type=\"widget\" data-widget_type=\"button.default\">\n\t\t\t\t<div class=\"elementor-widget-container\">\n\t\t\t\t\t\t\t\t\t<div class=\"elementor-button-wrapper\">\n\t\t\t\t\t<a class=\"elementor-button elementor-button-link elementor-size-sm\" href=\"https:\/\/biendansmesbaskets.org\/?page_id=2#Maison%20Sport%20Sante\">\n\t\t\t\t\t\t<span class=\"elementor-button-content-wrapper\">\n\t\t\t\t\t\t\t\t\t<span class=\"elementor-button-text\">Nos partenaires<\/span>\n\t\t\t\t\t<\/span>\n\t\t\t\t\t<\/a>\n\t\t\t\t<\/div>\n\t\t\t\t\t\t\t\t<\/div>\n\t\t\t\t<\/div>\n\t\t\t\t\t<\/div>\n\t\t\t\t<\/div>\n\t\t<div class=\"elementor-element elementor-element-84cd82a e-flex e-con-boxed e-con e-parent\" data-id=\"84cd82a\" data-element_type=\"container\" data-e-type=\"container\">\n\t\t\t\t\t<div class=\"e-con-inner\">\n\t\t\t\t<div class=\"elementor-element elementor-element-a94a619 elementor-widget elementor-widget-text-editor\" data-id=\"a94a619\" data-element_type=\"widget\" data-e-type=\"widget\" data-widget_type=\"text-editor.default\">\n\t\t\t\t<div class=\"elementor-widget-container\">\n\t\t\t\t\t\t\t\t\t<p data-start=\"170\" data-end=\"622\">Dans le cadre de ses actions de sensibilisation \u00e0 la sant\u00e9, Bien Dans Mes Baskets Maison Sport-Sant\u00e9 Monts du Lyonnais (BDMB) intervient r\u00e9guli\u00e8rement en collaboration avec les acteurs locaux.<\/p>\t\t\t\t\t\t\t\t<\/div>\n\t\t\t\t<\/div>\n\t\t\t\t<div class=\"elementor-element elementor-element-fdf0db1 elementor-widget elementor-widget-spacer\" data-id=\"fdf0db1\" data-element_type=\"widget\" data-e-type=\"widget\" data-widget_type=\"spacer.default\">\n\t\t\t\t<div class=\"elementor-widget-container\">\n\t\t\t\t\t\t\t<div class=\"elementor-spacer\">\n\t\t\t<div class=\"elementor-spacer-inner\"><\/div>\n\t\t<\/div>\n\t\t\t\t\t\t<\/div>\n\t\t\t\t<\/div>\n\t\t\t\t\t<\/div>\n\t\t\t\t<\/div>\n\t\t<div class=\"elementor-element elementor-element-4a52a2a e-flex e-con-boxed e-con e-parent\" data-id=\"4a52a2a\" data-element_type=\"container\" data-e-type=\"container\">\n\t\t\t\t\t<div class=\"e-con-inner\">\n\t\t\t\t<div class=\"elementor-element elementor-element-9a6785a elementor-widget elementor-widget-spacer\" data-id=\"9a6785a\" data-element_type=\"widget\" data-e-type=\"widget\" data-widget_type=\"spacer.default\">\n\t\t\t\t<div class=\"elementor-widget-container\">\n\t\t\t\t\t\t\t<div class=\"elementor-spacer\">\n\t\t\t<div class=\"elementor-spacer-inner\"><\/div>\n\t\t<\/div>\n\t\t\t\t\t\t<\/div>\n\t\t\t\t<\/div>\n\t\t\t\t\t<\/div>\n\t\t\t\t<\/div>\n\t\t<div class=\"elementor-element elementor-element-bfbbb53 e-con-full e-flex e-con e-parent\" data-id=\"bfbbb53\" data-element_type=\"container\" data-e-type=\"container\">\n\t\t<div class=\"elementor-element elementor-element-6b9a674 e-con-full e-flex e-con e-child\" data-id=\"6b9a674\" data-element_type=\"container\" data-e-type=\"container\">\n\t\t\t\t<div class=\"elementor-element elementor-element-6a59f2c elementor-widget elementor-widget-image\" data-id=\"6a59f2c\" data-element_type=\"widget\" data-e-type=\"widget\" data-widget_type=\"image.default\">\n\t\t\t\t<div class=\"elementor-widget-container\">\n\t\t\t\t\t\t\t\t\t\t\t\t\t\t\t<img fetchpriority=\"high\" decoding=\"async\" width=\"800\" height=\"600\" src=\"https:\/\/biendansmesbaskets.org\/wp-content\/uploads\/2025\/07\/6004e4d8-e1c2-4761-9345-624e3f2484a7-1024x768.jpg\" class=\"attachment-large size-large wp-image-1353\" alt=\"\" srcset=\"https:\/\/biendansmesbaskets.org\/wp-content\/uploads\/2025\/07\/6004e4d8-e1c2-4761-9345-624e3f2484a7-1024x768.jpg 1024w, https:\/\/biendansmesbaskets.org\/wp-content\/uploads\/2025\/07\/6004e4d8-e1c2-4761-9345-624e3f2484a7-300x225.jpg 300w, https:\/\/biendansmesbaskets.org\/wp-content\/uploads\/2025\/07\/6004e4d8-e1c2-4761-9345-624e3f2484a7-768x576.jpg 768w, https:\/\/biendansmesbaskets.org\/wp-content\/uploads\/2025\/07\/6004e4d8-e1c2-4761-9345-624e3f2484a7-1536x1152.jpg 1536w, https:\/\/biendansmesbaskets.org\/wp-content\/uploads\/2025\/07\/6004e4d8-e1c2-4761-9345-624e3f2484a7.jpg 1600w\" sizes=\"(max-width: 800px) 100vw, 800px\" \/>\t\t\t\t\t\t\t\t\t\t\t\t\t\t\t<\/div>\n\t\t\t\t<\/div>\n\t\t\t\t<div class=\"elementor-element elementor-element-d283853 elementor-widget elementor-widget-spacer\" data-id=\"d283853\" data-element_type=\"widget\" data-e-type=\"widget\" data-widget_type=\"spacer.default\">\n\t\t\t\t<div class=\"elementor-widget-container\">\n\t\t\t\t\t\t\t<div class=\"elementor-spacer\">\n\t\t\t<div class=\"elementor-spacer-inner\"><\/div>\n\t\t<\/div>\n\t\t\t\t\t\t<\/div>\n\t\t\t\t<\/div>\n\t\t\t\t<div class=\"elementor-element elementor-element-ecdb331 elementor-widget elementor-widget-image\" data-id=\"ecdb331\" data-element_type=\"widget\" data-e-type=\"widget\" data-widget_type=\"image.default\">\n\t\t\t\t<div class=\"elementor-widget-container\">\n\t\t\t\t\t\t\t\t\t\t\t\t\t\t\t<img decoding=\"async\" width=\"800\" height=\"271\" src=\"https:\/\/biendansmesbaskets.org\/wp-content\/uploads\/2023\/11\/Logo-CPTS-Monts-du-Lyonnais-1024x347.jpg\" class=\"attachment-large size-large wp-image-174\" alt=\"\" srcset=\"https:\/\/biendansmesbaskets.org\/wp-content\/uploads\/2023\/11\/Logo-CPTS-Monts-du-Lyonnais-1024x347.jpg 1024w, https:\/\/biendansmesbaskets.org\/wp-content\/uploads\/2023\/11\/Logo-CPTS-Monts-du-Lyonnais-300x102.jpg 300w, https:\/\/biendansmesbaskets.org\/wp-content\/uploads\/2023\/11\/Logo-CPTS-Monts-du-Lyonnais-768x260.jpg 768w, https:\/\/biendansmesbaskets.org\/wp-content\/uploads\/2023\/11\/Logo-CPTS-Monts-du-Lyonnais-1536x520.jpg 1536w, https:\/\/biendansmesbaskets.org\/wp-content\/uploads\/2023\/11\/Logo-CPTS-Monts-du-Lyonnais.jpg 2048w\" sizes=\"(max-width: 800px) 100vw, 800px\" \/>\t\t\t\t\t\t\t\t\t\t\t\t\t\t\t<\/div>\n\t\t\t\t<\/div>\n\t\t\t\t<\/div>\n\t\t<div class=\"elementor-element elementor-element-dbc3721 e-con-full e-flex e-con e-child\" data-id=\"dbc3721\" data-element_type=\"container\" data-e-type=\"container\">\n\t\t\t\t<div class=\"elementor-element elementor-element-a0c5de9 elementor-widget__width-initial elementor-widget elementor-widget-ucaddon_uc_icon_accordion\" data-id=\"a0c5de9\" data-element_type=\"widget\" data-e-type=\"widget\" data-widget_type=\"ucaddon_uc_icon_accordion.default\">\n\t\t\t\t<div class=\"elementor-widget-container\">\n\t\t\t\t\t\n<!-- start Icon Accordion -->\n\t\t<link id='font-awesome-css' href='https:\/\/biendansmesbaskets.org\/wp-content\/plugins\/unlimited-elements-for-elementor\/assets_libraries\/font-awesome6\/fontawesome-all.min.css' type='text\/css' rel='stylesheet' >\n\t\t<link id='font-awesome-4-shim-css' href='https:\/\/biendansmesbaskets.org\/wp-content\/plugins\/unlimited-elements-for-elementor\/assets_libraries\/font-awesome6\/fontawesome-v4-shims.min.css' type='text\/css' rel='stylesheet' >\n\n<style>\/* widget: Icon Accordion *\/\n\n#uc_uc_icon_accordion_elementor_a0c5de9 *{\n\tbox-sizing: border-box;\n}\n#uc_uc_icon_accordion_elementor_a0c5de9 .uc_container .uc-heading\n{\n\tcursor:pointer;\n    display:flex;\n    align-items:center;\n    transition:0.3s;\n}\n#uc_uc_icon_accordion_elementor_a0c5de9 .uc_container .uc-heading span.bbb\n{\n\tdisplay:block;\n\t\n}\n#uc_uc_icon_accordion_elementor_a0c5de9 .uc_ac_box.uc-item-active span.uc_dactive\n{\n\tdisplay:none;\n}\n#uc_uc_icon_accordion_elementor_a0c5de9 .uc_ac_box:not(.uc-item-active) span.uc_active\n{\n\tdisplay:none;\n}\n\n#uc_uc_icon_accordion_elementor_a0c5de9 .ue_icon_holder,\n#uc_uc_icon_accordion_elementor_a0c5de9 .ue_icon_spacing\n{\n  flex-grow:0;\n  flex-shrink:0; \n}\n#uc_uc_icon_accordion_elementor_a0c5de9 .uc_content{\n\tdisplay: none;\n}\n#uc_uc_icon_accordion_elementor_a0c5de9 .ue_icon\n{\n  display:flex;\n  justify-content:center;\n  align-items:center;\n  line-height:1em;\n  transition:0.3s;\n}\n\n#uc_uc_icon_accordion_elementor_a0c5de9 .ue_icon svg\n{\n  height:1em;\n  width:1em;\n}\n\n#uc_uc_icon_accordion_elementor_a0c5de9 .ue_expand_inside\n{\n  display:flex;\n  justify-content:center;\n  align-items:center;\n  line-height:1em;\n}\n\n#uc_uc_icon_accordion_elementor_a0c5de9 .ue_expand_inside svg\n{\n  height:1em;\n  width:1em;\n}\n\n#uc_uc_icon_accordion_elementor_a0c5de9 .ue_expand,\n#uc_uc_icon_accordion_elementor_a0c5de9 .ue_expand_spacing\n{\n  flex-grow:0;\n  flex-shrink:0;\n}\n\n#uc_uc_icon_accordion_elementor_a0c5de9 .ue_title\n{\n  flex-grow:1;\n}\n\n#uc_uc_icon_accordion_elementor_a0c5de9 .uc_ac_box:last-child\n{\n  margin-bottom:0px;\n}\n\n#uc_uc_icon_accordion_elementor_a0c5de9 .uc_ac_box\n{\n  overflow:hidden;\n}\n#uc_uc_icon_accordion_elementor_a0c5de9_item1 .ue_icon\n{\n  background-color:;\n}\n\n#uc_uc_icon_accordion_elementor_a0c5de9_item1 .uc-heading\n{\n  background-color:;\n}\n\n\n<\/style>\n\n<div class=\"uc_material_accordion \" id=\"uc_uc_icon_accordion_elementor_a0c5de9\" data-name=\"\" data-closeothers=\"true\" >\n    \t<div class=\"uc_container\">\n            \n\n<div id=\"uc_uc_icon_accordion_elementor_a0c5de9_item1\" class=\"uc_ac_box  elementor-repeater-item-07e39df\">\n  <div class=\"uc-heading uc_trigger\">\n    \n        <div class=\"ue_icon_holder\">\n      <div class=\"ue_icon\"><i class='far fa-comment-alt'><\/i><\/div>\n    <\/div>\n    <div class=\"ue_icon_spacing\"><\/div>\n        \n    <div class=\"ue_title\">CPTS Monts du Lyonnais<\/div>\n    \n    \n        <div class=\"ue_expand_spacing\"><\/div>\n    <div class=\"ue_expand\">\n      <div class=\"ue_expand_inside\">\n      <span class=\"uc_dactive bbb ue_accordion_icon\" ><i class='fas fa-plus'><\/i><\/span>\n      <span class=\"uc_active bbb ue_accordion_icon\"><i class='fas fa-minus'><\/i><\/span>\n      <\/div>\n    <\/div>\n        \n  <\/div>\n  <!-- end of heading -->\n  \n  \n  <div class=\"uc_content\" >\n          <p data-start=\"170\" data-end=\"622\"><br data-start=\"368\" data-end=\"371\" \/>Membre de la CPTS Monts du Lyonnais, BDMB participe activement \u00e0 des actions de pr\u00e9vention comme <em data-start=\"468\" data-end=\"482\">Octobre Rose<\/em>, <em data-start=\"484\" data-end=\"495\">Mars Bleu<\/em> ou encore \u00e0 des soir\u00e9es d\u2019information, comme celle organis\u00e9e le 17 juin \u00e0 Sainte-Foy-l\u2019Argenti\u00e8re autour du <strong>diab\u00e8te de type 2<\/strong>.<\/p><p data-start=\"624\" data-end=\"1061\">Lors de cette rencontre, des professionnels de sant\u00e9 ont rappel\u00e9 l\u2019importance d\u2019une alimentation adapt\u00e9e et de l\u2019activit\u00e9 physique dans la prise en charge du diab\u00e8te. Un parcours d\u2019accompagnement de 3 mois a ensuite \u00e9t\u00e9 propos\u00e9, incluant des ateliers anim\u00e9s par une infirmi\u00e8re, une di\u00e9t\u00e9ticienne et une enseignante en activit\u00e9 physique adapt\u00e9e \u2013 avec en point d\u2019orgue, un atelier festif autour d\u2019un repas de No\u00ebl \u00e0 indice glyc\u00e9mique bas.<\/p><p data-start=\"1063\" data-end=\"1254\">BDMB agit \u00e9galement dans le champ de la <strong>pr\u00e9vention des chutes<\/strong>, en proposant des ateliers sp\u00e9cifiques \u00e0 destination des publics les plus \u00e0 risque, dans une logique toujours pluridisciplinaire.<\/p>\n     \n    \n     \n    \n  <\/div>\n<\/div>\n\n        <\/div>\n<\/div>\n<!-- end Icon Accordion -->\t\t\t\t<\/div>\n\t\t\t\t<\/div>\n\t\t\t\t<\/div>\n\t\t\t\t<\/div>\n\t\t<div class=\"elementor-element elementor-element-c3815a7 e-con-full e-flex e-con e-parent\" data-id=\"c3815a7\" data-element_type=\"container\" data-e-type=\"container\">\n\t\t<div class=\"elementor-element elementor-element-5d6c482 e-con-full e-flex e-con e-child\" data-id=\"5d6c482\" data-element_type=\"container\" data-e-type=\"container\">\n\t\t\t\t<div class=\"elementor-element elementor-element-d037fa2 elementor-widget elementor-widget-image\" data-id=\"d037fa2\" data-element_type=\"widget\" data-e-type=\"widget\" data-widget_type=\"image.default\">\n\t\t\t\t<div class=\"elementor-widget-container\">\n\t\t\t\t\t\t\t\t\t\t\t\t\t\t\t<img decoding=\"async\" width=\"800\" height=\"600\" src=\"https:\/\/biendansmesbaskets.org\/wp-content\/uploads\/2023\/12\/IMG_2355-1024x768.jpg\" class=\"attachment-large size-large wp-image-463\" alt=\"\" srcset=\"https:\/\/biendansmesbaskets.org\/wp-content\/uploads\/2023\/12\/IMG_2355-1024x768.jpg 1024w, https:\/\/biendansmesbaskets.org\/wp-content\/uploads\/2023\/12\/IMG_2355-300x225.jpg 300w, https:\/\/biendansmesbaskets.org\/wp-content\/uploads\/2023\/12\/IMG_2355-768x576.jpg 768w, https:\/\/biendansmesbaskets.org\/wp-content\/uploads\/2023\/12\/IMG_2355-1536x1152.jpg 1536w, https:\/\/biendansmesbaskets.org\/wp-content\/uploads\/2023\/12\/IMG_2355.jpg 2016w\" sizes=\"(max-width: 800px) 100vw, 800px\" \/>\t\t\t\t\t\t\t\t\t\t\t\t\t\t\t<\/div>\n\t\t\t\t<\/div>\n\t\t\t\t<\/div>\n\t\t<div class=\"elementor-element elementor-element-2953c96 e-con-full e-flex e-con e-child\" data-id=\"2953c96\" data-element_type=\"container\" data-e-type=\"container\">\n\t\t\t\t<div class=\"elementor-element elementor-element-bb89bc9 elementor-widget elementor-widget-text-editor\" data-id=\"bb89bc9\" data-element_type=\"widget\" data-e-type=\"widget\" data-widget_type=\"text-editor.default\">\n\t\t\t\t<div class=\"elementor-widget-container\">\n\t\t\t\t\t\t\t\t\t<p data-start=\"239\" data-end=\"658\">Bien dans mes baskets m\u00e8ne des actions de sensibilisation autour du Bien Vieillir et de la mobilit\u00e9 douce, en lien avec la Communaut\u00e9 de communes des Monts du Lyonnais.<\/p><p data-start=\"239\" data-end=\"658\">\u00a0<\/p>\t\t\t\t\t\t\t\t<\/div>\n\t\t\t\t<\/div>\n\t\t\t\t<div class=\"elementor-element elementor-element-d34e907 elementor-widget elementor-widget-image\" data-id=\"d34e907\" data-element_type=\"widget\" data-e-type=\"widget\" data-widget_type=\"image.default\">\n\t\t\t\t<div class=\"elementor-widget-container\">\n\t\t\t\t\t\t\t\t\t\t\t\t\t\t\t<img loading=\"lazy\" decoding=\"async\" width=\"151\" height=\"100\" src=\"https:\/\/biendansmesbaskets.org\/wp-content\/uploads\/2023\/11\/logo_couleur-ccml.jpg\" class=\"attachment-large size-large wp-image-365\" alt=\"\" \/>\t\t\t\t\t\t\t\t\t\t\t\t\t\t\t<\/div>\n\t\t\t\t<\/div>\n\t\t\t\t<div class=\"elementor-element elementor-element-3913df8 elementor-align-center elementor-widget elementor-widget-button\" data-id=\"3913df8\" data-element_type=\"widget\" data-e-type=\"widget\" data-widget_type=\"button.default\">\n\t\t\t\t<div class=\"elementor-widget-container\">\n\t\t\t\t\t\t\t\t\t<div class=\"elementor-button-wrapper\">\n\t\t\t\t\t<a class=\"elementor-button elementor-button-link elementor-size-sm\" href=\"https:\/\/www.leprogres.fr\/sport\/2023\/12\/11\/bien-vieillir-un-apres-midi-pour-garder-forme-et-equilibre-et-tester-le-velo-a-assistance-electrique-a-sainte-foy-l-argentiere\" target=\"_blank\">\n\t\t\t\t\t\t<span class=\"elementor-button-content-wrapper\">\n\t\t\t\t\t\t\t\t\t<span class=\"elementor-button-text\">Lire l'article sur l'\u00e9v\u00e8nement paru dans Le Progr\u00e8s<\/span>\n\t\t\t\t\t<\/span>\n\t\t\t\t\t<\/a>\n\t\t\t\t<\/div>\n\t\t\t\t\t\t\t\t<\/div>\n\t\t\t\t<\/div>\n\t\t\t\t<\/div>\n\t\t\t\t<\/div>\n\t\t<div class=\"elementor-element elementor-element-ce26f01 e-con-full e-flex e-con e-parent\" data-id=\"ce26f01\" data-element_type=\"container\" data-e-type=\"container\">\n\t\t<div class=\"elementor-element elementor-element-c4bbb51 e-con-full e-flex e-con e-child\" data-id=\"c4bbb51\" data-element_type=\"container\" data-e-type=\"container\">\n\t\t\t\t<div class=\"elementor-element elementor-element-884d53d elementor-widget elementor-widget-heading\" data-id=\"884d53d\" data-element_type=\"widget\" data-e-type=\"widget\" data-widget_type=\"heading.default\">\n\t\t\t\t<div class=\"elementor-widget-container\">\n\t\t\t\t\t<h2 class=\"elementor-heading-title elementor-size-default\">Table ronde sur le sport sant\u00e9<\/h2>\t\t\t\t<\/div>\n\t\t\t\t<\/div>\n\t\t\t\t<div class=\"elementor-element elementor-element-597b2f2 elementor-widget elementor-widget-image\" data-id=\"597b2f2\" data-element_type=\"widget\" data-e-type=\"widget\" data-widget_type=\"image.default\">\n\t\t\t\t<div class=\"elementor-widget-container\">\n\t\t\t\t\t\t\t\t\t\t\t\t\t\t\t<img loading=\"lazy\" decoding=\"async\" width=\"800\" height=\"600\" src=\"https:\/\/biendansmesbaskets.org\/wp-content\/uploads\/2025\/07\/IMG_03882-1024x768.jpg\" class=\"attachment-large size-large wp-image-1325\" alt=\"\" srcset=\"https:\/\/biendansmesbaskets.org\/wp-content\/uploads\/2025\/07\/IMG_03882-1024x768.jpg 1024w, https:\/\/biendansmesbaskets.org\/wp-content\/uploads\/2025\/07\/IMG_03882-300x225.jpg 300w, https:\/\/biendansmesbaskets.org\/wp-content\/uploads\/2025\/07\/IMG_03882-768x576.jpg 768w, https:\/\/biendansmesbaskets.org\/wp-content\/uploads\/2025\/07\/IMG_03882-1536x1152.jpg 1536w, https:\/\/biendansmesbaskets.org\/wp-content\/uploads\/2025\/07\/IMG_03882-2048x1536.jpg 2048w\" sizes=\"(max-width: 800px) 100vw, 800px\" \/>\t\t\t\t\t\t\t\t\t\t\t\t\t\t\t<\/div>\n\t\t\t\t<\/div>\n\t\t\t\t<\/div>\n\t\t<div class=\"elementor-element elementor-element-6744e46 e-con-full e-flex e-con e-child\" data-id=\"6744e46\" data-element_type=\"container\" data-e-type=\"container\">\n\t\t\t\t<div class=\"elementor-element elementor-element-0022cb5 elementor-widget elementor-widget-text-editor\" data-id=\"0022cb5\" data-element_type=\"widget\" data-e-type=\"widget\" data-widget_type=\"text-editor.default\">\n\t\t\t\t<div class=\"elementor-widget-container\">\n\t\t\t\t\t\t\t\t\t<p data-start=\"170\" data-end=\"622\">Le vendredi 27 juin, Bien dans mes Baskets animait une table ronde sur le sport sant\u00e9, le sport sur ordonnance et l&#8217;activit\u00e9 physique adapt\u00e9e \u00e0 l&#8217;occasion du tour de circonscription du d\u00e9put\u00e9 Thomas Gassiloud.\u00a0<\/p>\t\t\t\t\t\t\t\t<\/div>\n\t\t\t\t<\/div>\n\t\t\t\t<div class=\"elementor-element elementor-element-6cf6cb3 elementor-widget elementor-widget-image\" data-id=\"6cf6cb3\" data-element_type=\"widget\" data-e-type=\"widget\" data-widget_type=\"image.default\">\n\t\t\t\t<div class=\"elementor-widget-container\">\n\t\t\t\t\t\t\t\t\t\t\t\t\t\t\t<img loading=\"lazy\" decoding=\"async\" width=\"800\" height=\"600\" src=\"https:\/\/biendansmesbaskets.org\/wp-content\/uploads\/2025\/07\/IMG_04032-1024x768.jpg\" class=\"attachment-large size-large wp-image-1327\" alt=\"\" srcset=\"https:\/\/biendansmesbaskets.org\/wp-content\/uploads\/2025\/07\/IMG_04032-1024x768.jpg 1024w, https:\/\/biendansmesbaskets.org\/wp-content\/uploads\/2025\/07\/IMG_04032-300x225.jpg 300w, https:\/\/biendansmesbaskets.org\/wp-content\/uploads\/2025\/07\/IMG_04032-768x576.jpg 768w, https:\/\/biendansmesbaskets.org\/wp-content\/uploads\/2025\/07\/IMG_04032-1536x1152.jpg 1536w, https:\/\/biendansmesbaskets.org\/wp-content\/uploads\/2025\/07\/IMG_04032-2048x1536.jpg 2048w\" sizes=\"(max-width: 800px) 100vw, 800px\" \/>\t\t\t\t\t\t\t\t\t\t\t\t\t\t\t<\/div>\n\t\t\t\t<\/div>\n\t\t\t\t<\/div>\n\t\t\t\t<\/div>\n\t\t<div class=\"elementor-element elementor-element-68af298 e-flex e-con-boxed e-con e-parent\" data-id=\"68af298\" data-element_type=\"container\" data-e-type=\"container\">\n\t\t\t\t\t<div class=\"e-con-inner\">\n\t\t<div class=\"elementor-element elementor-element-b640f30 e-con-full e-flex e-con e-child\" data-id=\"b640f30\" data-element_type=\"container\" data-e-type=\"container\">\n\t\t\t\t<\/div>\n\t\t<div class=\"elementor-element elementor-element-9e9ff28 e-con-full e-flex e-con e-child\" data-id=\"9e9ff28\" data-element_type=\"container\" data-e-type=\"container\">\n\t\t\t\t<\/div>\n\t\t\t\t\t<\/div>\n\t\t\t\t<\/div>\n\t\t\t\t<\/div>\n\t\t","protected":false},"excerpt":{"rendered":"<p>Le r\u00f4le de sensibilisation de Bien dans mes Baskets aupr\u00e8s des organisations Nos partenaires Dans le cadre de ses actions de sensibilisation \u00e0 la sant\u00e9, Bien Dans Mes Baskets Maison Sport-Sant\u00e9 Monts du Lyonnais (BDMB) intervient r\u00e9guli\u00e8rement en collaboration avec les acteurs locaux. CPTS Monts du Lyonnais Membre de la CPTS Monts du Lyonnais, BDMB [&hellip;]<\/p>\n","protected":false},"author":1,"featured_media":0,"parent":0,"menu_order":0,"comment_status":"closed","ping_status":"closed","template":"","meta":{"footnotes":""},"class_list":["post-965","page","type-page","status-publish","hentry"],"_links":{"self":[{"href":"https:\/\/biendansmesbaskets.org\/index.php?rest_route=\/wp\/v2\/pages\/965","targetHints":{"allow":["GET"]}}],"collection":[{"href":"https:\/\/biendansmesbaskets.org\/index.php?rest_route=\/wp\/v2\/pages"}],"about":[{"href":"https:\/\/biendansmesbaskets.org\/index.php?rest_route=\/wp\/v2\/types\/page"}],"author":[{"embeddable":true,"href":"https:\/\/biendansmesbaskets.org\/index.php?rest_route=\/wp\/v2\/users\/1"}],"replies":[{"embeddable":true,"href":"https:\/\/biendansmesbaskets.org\/index.php?rest_route=%2Fwp%2Fv2%2Fcomments&post=965"}],"version-history":[{"count":56,"href":"https:\/\/biendansmesbaskets.org\/index.php?rest_route=\/wp\/v2\/pages\/965\/revisions"}],"predecessor-version":[{"id":1356,"href":"https:\/\/biendansmesbaskets.org\/index.php?rest_route=\/wp\/v2\/pages\/965\/revisions\/1356"}],"wp:attachment":[{"href":"https:\/\/biendansmesbaskets.org\/index.php?rest_route=%2Fwp%2Fv2%2Fmedia&parent=965"}],"curies":[{"name":"wp","href":"https:\/\/api.w.org\/{rel}","templated":true}]}}